{"id":864,"date":"2020-09-18T19:53:54","date_gmt":"2020-09-18T19:53:54","guid":{"rendered":"https:\/\/plattas-cajacob.ch.tiberius.sui-inter.net\/wp\/?page_id=864"},"modified":"2020-09-21T08:20:09","modified_gmt":"2020-09-21T08:20:09","slug":"impressum","status":"publish","type":"page","link":"https:\/\/plattas-cajacob.ch\/?page_id=864","title":{"rendered":"Impressum"},"content":{"rendered":"<h2><span style=\"color: #213a8f;\">Impressum<\/span><\/h2>\n<h4><span style=\"color: #213a8f;\">Inhalt<\/span><\/h4>\n<p>Cajacob Rest Luis<br \/>\nVia Cavischl\u00e8 2<br \/>\n7175 Sumvitg<br \/>\n<a href=\"mailto:info@plattas-cajacob.ch\" style=\"color: #213a8f\">info@plattas-cajacob.ch<\/a><\/p>\n<h4><span style=\"color: #213a8f;\">Photos<\/span><\/h4>\n<p>Cajacob Rest Luis<br \/>\nVia Cavischl\u00e8 2<br \/>\n7175 Sumvitg<br \/>\n<a href=\"mailto:info@plattas-cajacob.ch\" style=\"color: #213a8f\">info@plattas-cajacob.ch<\/a><\/p>\n<h4><span style=\"color: #213a8f;\">Design und Programmierung<\/span><\/h4>\n<p>luna:mediadesign GmbH<br \/>\nVia principala 36<br \/>\n7166 Trun<br \/>\n<a href=\"mailto:info@lunamedia.ch\" style=\"color: #213a8f\">info@lunamedia.ch<\/a><br \/>\n<a href=\"www.lunamedia.ch\" style=\"color: #213a8f\">www.lunamedia.ch<\/a><\/p>\n<h4><span style=\"color: #213a8f;\">Haftungsausschluss<\/span><\/h4>\n<p>Der Webseitenbetreiber \u00fcbernimmt keine Gew\u00e4hr, dass die Webseite und der jeweilige Server frei von Viren oder sch\u00e4dlichen Bestandteilen sind. Wir \u00fcbernehmen keine Haftung f\u00fcr Sch\u00e4den und Folgesch\u00e4den die sich aus dem Zugriff auf die Elemente der Webseite oder deren Benutzung ergeben. Trotz sorgf\u00e4ltiger, inhaltlicher Kontrolle \u00fcbernehmen wir keine Haftung f\u00fcr die Korrektheit der auf dieser Webseite publizierten Informationen. Die auf dieser Webseite verbreiteten Informationen und Ansichten k\u00f6nnen jederzeit und ohne Ank\u00fcndigung ge\u00e4ndert werden. Alle auf dieser Webseite publizierten Informationen sind rechtlich nicht verbindlich.<\/p>\n<h4><span style=\"color: #213a8f;\">Verweise und Links<\/span><\/h4>\n<p>Der Webseitenbetreiber hat keinen Einfluss auf direkt oder indirekt verwiesenen Websites anderer Anbieter und haftet nicht f\u00fcr deren Verf\u00fcgbarkeit und Inhalte oder f\u00fcr Sch\u00e4den, die durch die Nutzung solcher Websites entstehen. F\u00fcr den Inhalt der verlinkten Seiten sind ausschliesslich deren Betreiber verantwortlich.<\/p>\n<h4><span style=\"color: #213a8f;\">Copyright<\/span><\/h4>\n<p>Die Website ist urheberrechtlich gesch\u00fctzt. Eine Vervielf\u00e4ltigung oder Nutzung von Inhalten in anderen elektronischen oder gedruckten Ver\u00f6ffentlichungen ist ohne vorherige Zustimmung des Der Webseitenbetreibers nicht erlaubt.<\/p>\n<h4><span style=\"color: #213a8f;\">Datenschutz<\/span><\/h4>\n<p>Pers\u00f6nliche Daten, die beim Ausf\u00fcllen von Formularen \u00fcber die Website \u00fcbermittelt werden, sind vertraulich und werden nicht an Dritte weitergegeben.<\/p>\n","protected":false},"excerpt":{"rendered":"<p>Impressum Inhalt Cajacob Rest Luis Via Cavischl\u00e8 2 7175 Sumvitg info@plattas-cajacob.ch Photos Cajacob Rest Luis Via Cavischl\u00e8 2 7175 Sumvitg info@plattas-cajacob.ch Design und Programmierung luna:mediadesign GmbH Via principala 36 7166 Trun info@lunamedia.ch www.lunamedia.ch Haftungsausschluss Der Webseitenbetreiber \u00fcbernimmt keine Gew\u00e4hr, dass die Webseite und der jeweilige Server frei von Viren oder sch\u00e4dlichen Bestandteilen sind. Wir \u00fcbernehmen  [&#8230;]<\/p>\n","protected":false},"author":1,"featured_media":0,"parent":0,"menu_order":0,"comment_status":"closed","ping_status":"closed","template":"","meta":{"footnotes":""},"class_list":["post-864","page","type-page","status-publish","hentry"],"yoast_head":"<!-- This site is optimized with the Yoast SEO plugin v24.7 - https:\/\/yoast.com\/wordpress\/plugins\/seo\/ -->\n<title>Impressum - plattas-cajacob<\/title>\n<meta name=\"robots\" content=\"index, follow, max-snippet:-1, max-image-preview:large, max-video-preview:-1\" \/>\n<link rel=\"canonical\" href=\"https:\/\/plattas-cajacob.ch\/?page_id=864\" \/>\n<meta property=\"og:locale\" content=\"de_DE\" \/>\n<meta property=\"og:type\" content=\"article\" \/>\n<meta property=\"og:title\" content=\"Impressum - plattas-cajacob\" \/>\n<meta property=\"og:description\" content=\"Impressum Inhalt Cajacob Rest Luis Via Cavischl\u00e8 2 7175 Sumvitg info@plattas-cajacob.ch Photos Cajacob Rest Luis Via Cavischl\u00e8 2 7175 Sumvitg info@plattas-cajacob.ch Design und Programmierung luna:mediadesign GmbH Via principala 36 7166 Trun info@lunamedia.ch www.lunamedia.ch Haftungsausschluss Der Webseitenbetreiber \u00fcbernimmt keine Gew\u00e4hr, dass die Webseite und der jeweilige Server frei von Viren oder sch\u00e4dlichen Bestandteilen sind. Wir \u00fcbernehmen [...]\" \/>\n<meta property=\"og:url\" content=\"https:\/\/plattas-cajacob.ch\/?page_id=864\" \/>\n<meta property=\"og:site_name\" content=\"plattas-cajacob\" \/>\n<meta property=\"article:modified_time\" content=\"2020-09-21T08:20:09+00:00\" \/>\n<meta name=\"twitter:card\" content=\"summary_large_image\" \/>\n<meta name=\"twitter:label1\" content=\"Gesch\u00e4tzte Lesezeit\" \/>\n\t<meta name=\"twitter:data1\" content=\"1\u00a0Minute\" \/>\n<script type=\"application\/ld+json\" class=\"yoast-schema-graph\">{\"@context\":\"https:\/\/schema.org\",\"@graph\":[{\"@type\":\"WebPage\",\"@id\":\"https:\/\/plattas-cajacob.ch\/?page_id=864\",\"url\":\"https:\/\/plattas-cajacob.ch\/?page_id=864\",\"name\":\"Impressum - plattas-cajacob\",\"isPartOf\":{\"@id\":\"https:\/\/plattas-cajacob.ch\/#website\"},\"datePublished\":\"2020-09-18T19:53:54+00:00\",\"dateModified\":\"2020-09-21T08:20:09+00:00\",\"breadcrumb\":{\"@id\":\"https:\/\/plattas-cajacob.ch\/?page_id=864#breadcrumb\"},\"inLanguage\":\"de\",\"potentialAction\":[{\"@type\":\"ReadAction\",\"target\":[\"https:\/\/plattas-cajacob.ch\/?page_id=864\"]}]},{\"@type\":\"BreadcrumbList\",\"@id\":\"https:\/\/plattas-cajacob.ch\/?page_id=864#breadcrumb\",\"itemListElement\":[{\"@type\":\"ListItem\",\"position\":1,\"name\":\"Startseite\",\"item\":\"https:\/\/plattas-cajacob.ch\/\"},{\"@type\":\"ListItem\",\"position\":2,\"name\":\"Impressum\"}]},{\"@type\":\"WebSite\",\"@id\":\"https:\/\/plattas-cajacob.ch\/#website\",\"url\":\"https:\/\/plattas-cajacob.ch\/\",\"name\":\"plattas-cajacob\",\"description\":\"\",\"potentialAction\":[{\"@type\":\"SearchAction\",\"target\":{\"@type\":\"EntryPoint\",\"urlTemplate\":\"https:\/\/plattas-cajacob.ch\/?s={search_term_string}\"},\"query-input\":{\"@type\":\"PropertyValueSpecification\",\"valueRequired\":true,\"valueName\":\"search_term_string\"}}],\"inLanguage\":\"de\"}]}<\/script>\n<!-- \/ Yoast SEO plugin. -->","yoast_head_json":{"title":"Impressum - plattas-cajacob","robots":{"index":"index","follow":"follow","max-snippet":"max-snippet:-1","max-image-preview":"max-image-preview:large","max-video-preview":"max-video-preview:-1"},"canonical":"https:\/\/plattas-cajacob.ch\/?page_id=864","og_locale":"de_DE","og_type":"article","og_title":"Impressum - plattas-cajacob","og_description":"Impressum Inhalt Cajacob Rest Luis Via Cavischl\u00e8 2 7175 Sumvitg info@plattas-cajacob.ch Photos Cajacob Rest Luis Via Cavischl\u00e8 2 7175 Sumvitg info@plattas-cajacob.ch Design und Programmierung luna:mediadesign GmbH Via principala 36 7166 Trun info@lunamedia.ch www.lunamedia.ch Haftungsausschluss Der Webseitenbetreiber \u00fcbernimmt keine Gew\u00e4hr, dass die Webseite und der jeweilige Server frei von Viren oder sch\u00e4dlichen Bestandteilen sind. Wir \u00fcbernehmen [...]","og_url":"https:\/\/plattas-cajacob.ch\/?page_id=864","og_site_name":"plattas-cajacob","article_modified_time":"2020-09-21T08:20:09+00:00","twitter_card":"summary_large_image","twitter_misc":{"Gesch\u00e4tzte Lesezeit":"1\u00a0Minute"},"schema":{"@context":"https:\/\/schema.org","@graph":[{"@type":"WebPage","@id":"https:\/\/plattas-cajacob.ch\/?page_id=864","url":"https:\/\/plattas-cajacob.ch\/?page_id=864","name":"Impressum - plattas-cajacob","isPartOf":{"@id":"https:\/\/plattas-cajacob.ch\/#website"},"datePublished":"2020-09-18T19:53:54+00:00","dateModified":"2020-09-21T08:20:09+00:00","breadcrumb":{"@id":"https:\/\/plattas-cajacob.ch\/?page_id=864#breadcrumb"},"inLanguage":"de","potentialAction":[{"@type":"ReadAction","target":["https:\/\/plattas-cajacob.ch\/?page_id=864"]}]},{"@type":"BreadcrumbList","@id":"https:\/\/plattas-cajacob.ch\/?page_id=864#breadcrumb","itemListElement":[{"@type":"ListItem","position":1,"name":"Startseite","item":"https:\/\/plattas-cajacob.ch\/"},{"@type":"ListItem","position":2,"name":"Impressum"}]},{"@type":"WebSite","@id":"https:\/\/plattas-cajacob.ch\/#website","url":"https:\/\/plattas-cajacob.ch\/","name":"plattas-cajacob","description":"","potentialAction":[{"@type":"SearchAction","target":{"@type":"EntryPoint","urlTemplate":"https:\/\/plattas-cajacob.ch\/?s={search_term_string}"},"query-input":{"@type":"PropertyValueSpecification","valueRequired":true,"valueName":"search_term_string"}}],"inLanguage":"de"}]}},"_links":{"self":[{"href":"https:\/\/plattas-cajacob.ch\/index.php?rest_route=\/wp\/v2\/pages\/864","targetHints":{"allow":["GET"]}}],"collection":[{"href":"https:\/\/plattas-cajacob.ch\/index.php?rest_route=\/wp\/v2\/pages"}],"about":[{"href":"https:\/\/plattas-cajacob.ch\/index.php?rest_route=\/wp\/v2\/types\/page"}],"author":[{"embeddable":true,"href":"https:\/\/plattas-cajacob.ch\/index.php?rest_route=\/wp\/v2\/users\/1"}],"replies":[{"embeddable":true,"href":"https:\/\/plattas-cajacob.ch\/index.php?rest_route=%2Fwp%2Fv2%2Fcomments&post=864"}],"version-history":[{"count":9,"href":"https:\/\/plattas-cajacob.ch\/index.php?rest_route=\/wp\/v2\/pages\/864\/revisions"}],"predecessor-version":[{"id":880,"href":"https:\/\/plattas-cajacob.ch\/index.php?rest_route=\/wp\/v2\/pages\/864\/revisions\/880"}],"wp:attachment":[{"href":"https:\/\/plattas-cajacob.ch\/index.php?rest_route=%2Fwp%2Fv2%2Fmedia&parent=864"}],"curies":[{"name":"wp","href":"https:\/\/api.w.org\/{rel}","templated":true}]}}